{"id":79,"date":"2024-02-28T19:54:34","date_gmt":"2024-02-28T18:54:34","guid":{"rendered":"https:\/\/ko-nep.de\/verfahren\/"},"modified":"2026-03-17T12:28:58","modified_gmt":"2026-03-17T11:28:58","slug":"procedure","status":"publish","type":"page","link":"https:\/\/ko-nep.de\/en\/procedure\/","title":{"rendered":"Procedure"},"content":{"rendered":"\n<h2 class=\"wp-block-heading headline-schwarz\">TYPICAL STEPS IN THE PREPARATION OF THE GAS AND HYDROGEN NETWORK DEVELOPMENT PLAN  <\/h2>\n<div class=\"nep-beitrag-block  nep-block_fcfcdca1e51c4126ff7eaf5f17e65bd9\">\n\n    <div class=\"nep-beitrag-head\">\n        <div>\n            <span class=\"nep-date\"><\/span>\n            <h4 class=\"nep-beitrag-title\">Draft scenario framework<\/h4>\n        <\/div>\n        <div class=\"nep-handle\"><a href=\"#\"><\/a><\/div>\n\n    <\/div>\n\n    <div class=\"nep-beitrag-wrap\">\n        <div class=\"nep-beitrag-inhalt\">\n\n            <p>The transmission system operators and the operators of hydrogen transport networks are obliged to jointly prepare a scenario framework for the gas and hydrogen NDP every two years, for the first time in 2024, and to submit it to the coordination body. The coordination body submits the draft scenario framework to the Federal Network Agency for approval by the end of June 30 of each even calendar year at the latest.<\/p>\n<p>The scenario framework comprises at least three scenarios that cover the range of probable developments within the framework of the Federal Government&#8217;s climate and energy policy targets for at least the next ten and at most 15 years. Three further scenarios must consider the year 2045 and present a range of probable developments based on the statutory and other climate and energy policy targets of the German government.<\/p>\n<p>The operators of transmission networks and the regulated operators of hydrogen transport networks are obliged to involve all affected network operators appropriately in the preparation of the scenario framework. This applies in particular to operators of gas distribution networks, hydrogen networks that are not transportation networks, other pipeline infrastructures that can be converted to hydrogen pipelines and electricity supply networks.<\/p>\n<p>In order to meet this requirement, the grid operators have set up a grid transformation working group under the umbrella of KO.NEP, for example, in which the exchange on grid planning issues between DSOs and TSOs or H2 transport grid operators takes place.<\/p>\n<p>In addition, there is closer coordination between gas and electricity TSOs. For the scenario framework for the Network Development Plan 2025, the gas and electricity TSOs conducted a joint market survey on the infrastructure requirements for electricity and hydrogen (including power-to-gas) for the first time.<\/p>\n<p><strong>Actors<\/strong><br \/>\nRegulated transmission system operators and regulated operators of hydrogen transmission pipelines<br \/>\n<strong>Result<br \/>\n<\/strong>Draft of the scenario framework<strong><br \/>\n<\/strong><\/p>\n        <\/div>\n\n        <!-- Downloads -->\n                <!-- \/Downloads -->\n        <!-- <div class=\"row nep-dl-bottom-border\"> -->\n\n\n    <\/div>\n\n<\/div>\n\n<div class=\"nep-beitrag-block  nep-block_20fe275d9a9f8dfe0e2a15c0920b87b0\">\n\n    <div class=\"nep-beitrag-head\">\n        <div>\n            <span class=\"nep-date\"><\/span>\n            <h4 class=\"nep-beitrag-title\">Consultation on scenario framework<\/h4>\n        <\/div>\n        <div class=\"nep-handle\"><a href=\"#\"><\/a><\/div>\n\n    <\/div>\n\n    <div class=\"nep-beitrag-wrap\">\n        <div class=\"nep-beitrag-inhalt\">\n\n            <div>\n<p>With the scenario framework, the transmission system operators and regulated operators of hydrogen transport networks present reasonable assumptions about the development of the production, supply and consumption of gas and hydrogen and their exchange with other countries as well as decarbonization. This includes, for example, planned investment projects in regional and Community-wide grid infrastructure as well as in gas and hydrogen storage facilities and LNG regasification plants. The scenario framework must take appropriate account of the specifications of the system development strategy of the Federal Ministry of Economics and Climate Protection and local or regional heating plans. The BNetzA publishes the draft scenario framework on its website and gives the public, including actual or potential grid users and affected grid operators, the opportunity to comment.<\/p>\n<\/div>\n<div>\n<p><b>Beteiligte<\/b><br \/>\n\u00d6ffentlichkeit\/ Bundesnetzagentur<br \/>\n<b>Ergebnis<br \/>\n<\/b>Stellungnahmen<\/p>\n<\/div>\n        <\/div>\n\n        <!-- Downloads -->\n                <!-- \/Downloads -->\n        <!-- <div class=\"row nep-dl-bottom-border\"> -->\n\n\n    <\/div>\n\n<\/div>\n\n<div class=\"nep-beitrag-block  nep-block_2870a5c2daab0d21b93a34efe6c0e2eb\">\n\n    <div class=\"nep-beitrag-head\">\n        <div>\n            <span class=\"nep-date\"><\/span>\n            <h4 class=\"nep-beitrag-title\">Confirmation of scenario framework<\/h4>\n        <\/div>\n        <div class=\"nep-handle\"><a href=\"#\"><\/a><\/div>\n\n    <\/div>\n\n    <div class=\"nep-beitrag-wrap\">\n        <div class=\"nep-beitrag-inhalt\">\n\n            <div>\n<p>Die BNetzA genehmigt den Szenariorahmen unter Ber\u00fccksichtigung der Ergebnisse der \u00d6ffentlichkeitsbeteiligung innerhalb einer gesetzlichen Sollfrist von sechs Monaten nach \u00dcbermittlung des Szenariorahmens durch die Koordinierungsstelle an die BNetzA.<\/p>\n<p><b>Beteiligte<br \/>\n<\/b>Bundesnetzagentur<br \/>\n<b>Ergebnis<br \/>\n<\/b>Best\u00e4tigter Szenariorahmen<\/p>\n<\/div>\n        <\/div>\n\n        <!-- Downloads -->\n                <!-- \/Downloads -->\n        <!-- <div class=\"row nep-dl-bottom-border\"> -->\n\n\n    <\/div>\n\n<\/div>\n\n\n<div class=\"wp-block-buttons is-layout-flex wp-block-buttons-is-layout-flex\">\n<div class=\"wp-block-button\"><a class=\"wp-block-button__link wp-element-button\" href=\"https:\/\/ko-nep.de\/en\/scenario-framework\/scenario-framework-2025\/\">Scenario framework<\/a><\/div>\n<\/div>\n<div class=\"nep-beitrag-block  nep-block_1451b3e26887be85eb203d8bcaa89f44\">\n\n    <div class=\"nep-beitrag-head\">\n        <div>\n            <span class=\"nep-date\"><\/span>\n            <h4 class=\"nep-beitrag-title\">Draft network development plan<\/h4>\n        <\/div>\n        <div class=\"nep-handle\"><a href=\"#\"><\/a><\/div>\n\n    <\/div>\n\n    <div class=\"nep-beitrag-wrap\">\n        <div class=\"nep-beitrag-inhalt\">\n\n            <div>\n<p>Based on the specifications of the confirmed scenario framework, the transmission system operators and hydrogen transmission system operators prepare the first draft of the gas and hydrogen NDP and submit it to the coordination body. The gas and hydrogen NDP must include all effective measures to optimize, reinforce and expand the grids in line with demand and efficiency. The distribution system operators must be appropriately involved in the selection of measures. Special consideration must be given to the implementation of the German government&#8217;s climate policy goals and security of supply. The implementation report is integrated retrospectively into the NDP document for the last NDP cycle.<\/p>\n<\/div>\n<div>\n<p><b>Beteiligte<\/b><br \/>\nRegulierte Fernleitungsnetzbetreiber und regulierte Betreiber von Wasserstofftransportnetzen<br \/>\n<b>Ergebnis<\/b><br \/>\n1. Entwurf NEP<\/p>\n<\/div>\n        <\/div>\n\n        <!-- Downloads -->\n                <!-- \/Downloads -->\n        <!-- <div class=\"row nep-dl-bottom-border\"> -->\n\n\n    <\/div>\n\n<\/div>\n\n<div class=\"nep-beitrag-block  nep-block_092a776cc8b873a144c7c923f8739115\">\n\n    <div class=\"nep-beitrag-head\">\n        <div>\n            <span class=\"nep-date\"><\/span>\n            <h4 class=\"nep-beitrag-title\">Consultation on the network development plan<\/h4>\n        <\/div>\n        <div class=\"nep-handle\"><a href=\"#\"><\/a><\/div>\n\n    <\/div>\n\n    <div class=\"nep-beitrag-wrap\">\n        <div class=\"nep-beitrag-inhalt\">\n\n            <div>\n<p>Before the Coordination Body submits the draft NDP Gas and Hydrogen to the BNetzA, it publishes it on its website and gives the public, including actual and potential grid users and affected grid operators, the opportunity to comment. The draft must be published by the end of May 31 of each odd-numbered calendar year at the latest.<\/p>\n<\/div>\n<div>\n<p><b>Beteiligte<\/b><br \/>\n\u00d6ffentlichkeit \/ Marktteilnehmer<br \/>\n<b>Ergebnis<\/b><br \/>\nStellungnahmen<\/p>\n<\/div>\n        <\/div>\n\n        <!-- Downloads -->\n                <!-- \/Downloads -->\n        <!-- <div class=\"row nep-dl-bottom-border\"> -->\n\n\n    <\/div>\n\n<\/div>\n\n<div class=\"nep-beitrag-block  nep-block_60df2bc8ed648824a1bce3351628dac1\">\n\n    <div class=\"nep-beitrag-head\">\n        <div>\n            <span class=\"nep-date\"><\/span>\n            <h4 class=\"nep-beitrag-title\">Revision of the network development plan<\/h4>\n        <\/div>\n        <div class=\"nep-handle\"><a href=\"#\"><\/a><\/div>\n\n    <\/div>\n\n    <div class=\"nep-beitrag-wrap\">\n        <div class=\"nep-beitrag-inhalt\">\n\n            <div>\n<p>Based on the comments and consultation results received, the revised gas and hydrogen NDP will be submitted to the BNetzA for confirmation immediately after completion, but no later than ten months after approval of the scenario framework by the coordination body. The BNetzA can request changes to the second draft of the gas and hydrogen NDP from the transmission system operators and the hydrogen transmission system operators. The transmission system operators and the regulated hydrogen transmission system operators are obliged to amend the gas and hydrogen NDP immediately in accordance with the amendment request. The coordination body is obliged to submit the amended gas and hydrogen NDP to the BNetzA without delay.<\/p>\n<\/div>\n<div>\n<p><b>Beteiligte<\/b><br \/>\nKoordinierungsstelle\/ Bundesnetzagentur<br \/>\n<b>Ergebnis<\/b><br \/>\n2. Entwurf NEP &amp; \u00c4nderungsverlangen<\/p>\n<\/div>\n        <\/div>\n\n        <!-- Downloads -->\n                <!-- \/Downloads -->\n        <!-- <div class=\"row nep-dl-bottom-border\"> -->\n\n\n    <\/div>\n\n<\/div>\n\n<div class=\"nep-beitrag-block  nep-block_ac4f6ebf0220acb28c7ab2a68cc701c9\">\n\n    <div class=\"nep-beitrag-head\">\n        <div>\n            <span class=\"nep-date\"><\/span>\n            <h4 class=\"nep-beitrag-title\">BNetzA consultation  <\/h4>\n        <\/div>\n        <div class=\"nep-handle\"><a href=\"#\"><\/a><\/div>\n\n    <\/div>\n\n    <div class=\"nep-beitrag-wrap\">\n        <div class=\"nep-beitrag-inhalt\">\n\n            <div>\n<p>The BNetzA is coordinating a final public consultation on the draft NDP. The regulatory authority shall confirm the gas and hydrogen NDP, taking into account public participation, with effect for the transmission system operators and the regulated operators of hydrogen transmission systems by the end of June 30 of each even calendar year at the latest.<\/p>\n<\/div>\n<div>\n<p><b>Beteiligte<\/b><br \/>\nPublic \/ Bundesnetzagentur<b><br \/>\nErgebnis<\/b><br \/>\nBest\u00e4tigung NEP Gas und Wasserstoff<\/p>\n<\/div>\n        <\/div>\n\n        <!-- Downloads -->\n                <!-- \/Downloads -->\n        <!-- <div class=\"row nep-dl-bottom-border\"> -->\n\n\n    <\/div>\n\n<\/div>\n\n\n<div class=\"wp-block-buttons is-layout-flex wp-block-buttons-is-layout-flex\">\n<div class=\"wp-block-button\"><a class=\"wp-block-button__link wp-element-button\">Network Development Plan<\/a><\/div>\n<\/div>\n    <div class=\"projektzyklus-sc\">\n        <div class=\"projektzyklus-header\">\n            <span class=\"stichzeile\">Overview<\/span>\n            <h3>Status in the project cycle<\/h3>\n        <\/div>\n       \n         <div class=\"pz-list-1\">\n             <div>\n                 <span class=\"pz-button pz-button-progress\">In Progress<\/span>\n            <\/div>\n            <div>\n                <ul class=\"pz-inprog pz-list\"><li class=\"netzentwicklungsplan pz-link\"><a href=\"https:\/\/ko-nep.de\/en\/network-development-plans\/network-development-plan-2025\/\">Network Development Plan 2025<\/a><\/li><li class=\"szenariorahmen pz-link\"><a href=\"https:\/\/ko-nep.de\/en\/scenario-framework\/szenariorahmen-2027\/\">Scenario Framework 2027<\/a><\/li><\/ul>\n            <\/div>\n        <\/div>\n        \n         <div class=\"pz-list-2\">\n           <div> \n           <span class=\"pz-button pz-button-published \">Published<\/span>\n           <\/div>\n            <div>\n                <ul class=\"pz-publ pz-list\"><li class=\"szenariorahmen pz-link\"><a href=\"https:\/\/ko-nep.de\/en\/scenario-framework\/scenario-framework-2025\/\">Scenario framework 2025<\/a><\/li><\/ul>\n            <\/div>\n        <\/div>      \n    <\/div> \n","protected":false},"excerpt":{"rendered":"<p>TYPICAL STEPS IN THE PREPARATION OF THE GAS AND HYDROGEN NETWORK DEVELOPMENT PLAN<\/p>\n","protected":false},"author":1,"featured_media":0,"parent":0,"menu_order":0,"comment_status":"closed","ping_status":"closed","template":"","meta":{"_acf_changed":false,"footnotes":""},"class_list":["post-79","page","type-page","status-publish","hentry"],"acf":[],"yoast_head":"<!-- This site is optimized with the Yoast SEO plugin v27.6 - https:\/\/yoast.com\/product\/yoast-seo-wordpress\/ -->\n<title>Procedure - KO\u00b7NEP<\/title>\n<meta name=\"description\" content=\"The procedure of integrated network development planning (NDP) for gas and hydrogen consists of two components: the scenario framework and the network development plan.\" \/>\n<meta name=\"robots\" content=\"index, follow, max-snippet:-1, max-image-preview:large, max-video-preview:-1\" \/>\n<link rel=\"canonical\" href=\"https:\/\/ko-nep.de\/en\/procedure\/\" \/>\n<meta property=\"og:locale\" content=\"en_US\" \/>\n<meta property=\"og:type\" content=\"article\" \/>\n<meta property=\"og:title\" content=\"Procedure - KO\u00b7NEP\" \/>\n<meta property=\"og:description\" content=\"The procedure of integrated network development planning (NDP) for gas and hydrogen consists of two components: the scenario framework and the network development plan.\" \/>\n<meta property=\"og:url\" content=\"https:\/\/ko-nep.de\/en\/procedure\/\" \/>\n<meta property=\"og:site_name\" content=\"KO\u00b7NEP\" \/>\n<meta property=\"article:modified_time\" content=\"2026-03-17T11:28:58+00:00\" \/>\n<meta name=\"twitter:card\" content=\"summary_large_image\" \/>\n<meta name=\"twitter:label1\" content=\"Est. reading time\" \/>\n\t<meta name=\"twitter:data1\" content=\"1 minute\" \/>\n<script type=\"application\/ld+json\" class=\"yoast-schema-graph\">{\"@context\":\"https:\\\/\\\/schema.org\",\"@graph\":[{\"@type\":\"WebPage\",\"@id\":\"https:\\\/\\\/ko-nep.de\\\/en\\\/procedure\\\/\",\"url\":\"https:\\\/\\\/ko-nep.de\\\/en\\\/procedure\\\/\",\"name\":\"Procedure - KO\u00b7NEP\",\"isPartOf\":{\"@id\":\"https:\\\/\\\/ko-nep.de\\\/en\\\/#website\"},\"datePublished\":\"2024-02-28T18:54:34+00:00\",\"dateModified\":\"2026-03-17T11:28:58+00:00\",\"description\":\"The procedure of integrated network development planning (NDP) for gas and hydrogen consists of two components: the scenario framework and the network development plan.\",\"breadcrumb\":{\"@id\":\"https:\\\/\\\/ko-nep.de\\\/en\\\/procedure\\\/#breadcrumb\"},\"inLanguage\":\"en-US\",\"potentialAction\":[{\"@type\":\"ReadAction\",\"target\":[\"https:\\\/\\\/ko-nep.de\\\/en\\\/procedure\\\/\"]}]},{\"@type\":\"BreadcrumbList\",\"@id\":\"https:\\\/\\\/ko-nep.de\\\/en\\\/procedure\\\/#breadcrumb\",\"itemListElement\":[{\"@type\":\"ListItem\",\"position\":1,\"name\":\"Home\",\"item\":\"https:\\\/\\\/ko-nep.de\\\/en\\\/\"},{\"@type\":\"ListItem\",\"position\":2,\"name\":\"Procedure\"}]},{\"@type\":\"WebSite\",\"@id\":\"https:\\\/\\\/ko-nep.de\\\/en\\\/#website\",\"url\":\"https:\\\/\\\/ko-nep.de\\\/en\\\/\",\"name\":\"KO\u00b7NEP\",\"description\":\"Koordinierungsstelle Netzentwicklungsplanung f\u00fcr Gas und Wasserstoff\",\"publisher\":{\"@id\":\"https:\\\/\\\/ko-nep.de\\\/en\\\/#organization\"},\"potentialAction\":[{\"@type\":\"SearchAction\",\"target\":{\"@type\":\"EntryPoint\",\"urlTemplate\":\"https:\\\/\\\/ko-nep.de\\\/en\\\/?s={search_term_string}\"},\"query-input\":{\"@type\":\"PropertyValueSpecification\",\"valueRequired\":true,\"valueName\":\"search_term_string\"}}],\"inLanguage\":\"en-US\"},{\"@type\":\"Organization\",\"@id\":\"https:\\\/\\\/ko-nep.de\\\/en\\\/#organization\",\"name\":\"KO\u00b7NEP\",\"url\":\"https:\\\/\\\/ko-nep.de\\\/en\\\/\",\"logo\":{\"@type\":\"ImageObject\",\"inLanguage\":\"en-US\",\"@id\":\"https:\\\/\\\/ko-nep.de\\\/en\\\/#\\\/schema\\\/logo\\\/image\\\/\",\"url\":\"https:\\\/\\\/ko-nep.de\\\/wp-content\\\/uploads\\\/2024\\\/04\\\/Logo-KONEP.png\",\"contentUrl\":\"https:\\\/\\\/ko-nep.de\\\/wp-content\\\/uploads\\\/2024\\\/04\\\/Logo-KONEP.png\",\"width\":1402,\"height\":312,\"caption\":\"KO\u00b7NEP\"},\"image\":{\"@id\":\"https:\\\/\\\/ko-nep.de\\\/en\\\/#\\\/schema\\\/logo\\\/image\\\/\"}}]}<\/script>\n<!-- \/ Yoast SEO plugin. -->","yoast_head_json":{"title":"Procedure - KO\u00b7NEP","description":"The procedure of integrated network development planning (NDP) for gas and hydrogen consists of two components: the scenario framework and the network development plan.","robots":{"index":"index","follow":"follow","max-snippet":"max-snippet:-1","max-image-preview":"max-image-preview:large","max-video-preview":"max-video-preview:-1"},"canonical":"https:\/\/ko-nep.de\/en\/procedure\/","og_locale":"en_US","og_type":"article","og_title":"Procedure - KO\u00b7NEP","og_description":"The procedure of integrated network development planning (NDP) for gas and hydrogen consists of two components: the scenario framework and the network development plan.","og_url":"https:\/\/ko-nep.de\/en\/procedure\/","og_site_name":"KO\u00b7NEP","article_modified_time":"2026-03-17T11:28:58+00:00","twitter_card":"summary_large_image","twitter_misc":{"Est. reading time":"1 minute"},"schema":{"@context":"https:\/\/schema.org","@graph":[{"@type":"WebPage","@id":"https:\/\/ko-nep.de\/en\/procedure\/","url":"https:\/\/ko-nep.de\/en\/procedure\/","name":"Procedure - KO\u00b7NEP","isPartOf":{"@id":"https:\/\/ko-nep.de\/en\/#website"},"datePublished":"2024-02-28T18:54:34+00:00","dateModified":"2026-03-17T11:28:58+00:00","description":"The procedure of integrated network development planning (NDP) for gas and hydrogen consists of two components: the scenario framework and the network development plan.","breadcrumb":{"@id":"https:\/\/ko-nep.de\/en\/procedure\/#breadcrumb"},"inLanguage":"en-US","potentialAction":[{"@type":"ReadAction","target":["https:\/\/ko-nep.de\/en\/procedure\/"]}]},{"@type":"BreadcrumbList","@id":"https:\/\/ko-nep.de\/en\/procedure\/#breadcrumb","itemListElement":[{"@type":"ListItem","position":1,"name":"Home","item":"https:\/\/ko-nep.de\/en\/"},{"@type":"ListItem","position":2,"name":"Procedure"}]},{"@type":"WebSite","@id":"https:\/\/ko-nep.de\/en\/#website","url":"https:\/\/ko-nep.de\/en\/","name":"KO\u00b7NEP","description":"Koordinierungsstelle Netzentwicklungsplanung f\u00fcr Gas und Wasserstoff","publisher":{"@id":"https:\/\/ko-nep.de\/en\/#organization"},"potentialAction":[{"@type":"SearchAction","target":{"@type":"EntryPoint","urlTemplate":"https:\/\/ko-nep.de\/en\/?s={search_term_string}"},"query-input":{"@type":"PropertyValueSpecification","valueRequired":true,"valueName":"search_term_string"}}],"inLanguage":"en-US"},{"@type":"Organization","@id":"https:\/\/ko-nep.de\/en\/#organization","name":"KO\u00b7NEP","url":"https:\/\/ko-nep.de\/en\/","logo":{"@type":"ImageObject","inLanguage":"en-US","@id":"https:\/\/ko-nep.de\/en\/#\/schema\/logo\/image\/","url":"https:\/\/ko-nep.de\/wp-content\/uploads\/2024\/04\/Logo-KONEP.png","contentUrl":"https:\/\/ko-nep.de\/wp-content\/uploads\/2024\/04\/Logo-KONEP.png","width":1402,"height":312,"caption":"KO\u00b7NEP"},"image":{"@id":"https:\/\/ko-nep.de\/en\/#\/schema\/logo\/image\/"}}]}},"_links":{"self":[{"href":"https:\/\/ko-nep.de\/en\/wp-json\/wp\/v2\/pages\/79","targetHints":{"allow":["GET"]}}],"collection":[{"href":"https:\/\/ko-nep.de\/en\/wp-json\/wp\/v2\/pages"}],"about":[{"href":"https:\/\/ko-nep.de\/en\/wp-json\/wp\/v2\/types\/page"}],"author":[{"embeddable":true,"href":"https:\/\/ko-nep.de\/en\/wp-json\/wp\/v2\/users\/1"}],"replies":[{"embeddable":true,"href":"https:\/\/ko-nep.de\/en\/wp-json\/wp\/v2\/comments?post=79"}],"version-history":[{"count":20,"href":"https:\/\/ko-nep.de\/en\/wp-json\/wp\/v2\/pages\/79\/revisions"}],"predecessor-version":[{"id":1816,"href":"https:\/\/ko-nep.de\/en\/wp-json\/wp\/v2\/pages\/79\/revisions\/1816"}],"wp:attachment":[{"href":"https:\/\/ko-nep.de\/en\/wp-json\/wp\/v2\/media?parent=79"}],"curies":[{"name":"wp","href":"https:\/\/api.w.org\/{rel}","templated":true}]}}