{"id":77,"date":"2024-02-28T19:50:51","date_gmt":"2024-02-28T18:50:51","guid":{"rendered":"https:\/\/ko-nep.de\/impressum\/"},"modified":"2026-02-26T12:58:09","modified_gmt":"2026-02-26T11:58:09","slug":"impressum","status":"publish","type":"page","link":"https:\/\/ko-nep.de\/en\/impressum\/","title":{"rendered":"Legal Notice"},"content":{"rendered":"\n<h1 class=\"wp-block-heading\">Legal Notice<\/h1>\n\n\n\n<p><strong>Coordination Office for Network Development Planning for Gas and Hydrogen<\/strong><br>c\/o FNB Gas e.V.<br>Georgenstra\u00dfe 23<br>10117 Berlin<\/p>\n\n\n\n<p>T: +49 30 9210 2350<br>F: +49 30 9210 23543<br><a href=\"mailto:info@ko-nep.de\">info@ko-nep.de<\/a><br><br><strong>Register of associations:<\/strong><br>Charlottenburg Local Court VR 32043 B<\/p>\n\n\n\n<p><strong>Management: <\/strong><br>Barbara Fischer<\/p>\n\n\n\n<p><strong>Executive Board:<\/strong><br>Dr. Matthias Jenn (Chairman), Dr. Thomas H\u00fcwener (Deputy Chairman), Ralph Bahke (Treasurer), Katrin Flinspach<\/p>\n\n\n\n<p><strong>Responsible for the content acc. \u00a7 5 TMG: <\/strong><br>Barbara Fischer<\/p>\n\n\n\n<p><strong>Concept, Creative Direction, Ui:<\/strong><br>Communication Works &#8211; Froning Reise GmbH<br><a href=\"https:\/\/communicationworks.eu\">https:\/\/communicationworks.eu<\/a><\/p>\n\n\n\n<p><strong>in Cooperation with<\/strong><br>Transforming Communications GmbH (Umsetzung):<br><a href=\"https:\/\/trnsfrmng.com\/\" target=\"_blank\" rel=\"noreferrer noopener\">http<\/a><a href=\"https:\/\/trnsfrmng.com\" target=\"_blank\" rel=\"noreferrer noopener\">s:\/\/trnsfrmng.com<\/a><\/p>\n\n\n\n<p><strong>Haftungsausschluss:<\/strong><br>Der Autor \u00fcbernimmt keinerlei Gew\u00e4hr f\u00fcr die Aktualit\u00e4t, Korrektheit, Vollst\u00e4ndigkeit oder Qualit\u00e4t der bereitgestellten Informationen. Haftungsanspr\u00fcche gegen den Autor, welche sich auf Sch\u00e4den materieller oder ideeller Art beziehen, die durch die Nutzung oder Nichtnutzung der dargebotenen Informationen bzw. durch die Nutzung fehlerhafter und unvollst\u00e4ndiger Informationen verursacht wurden, sind grunds\u00e4tzlich ausgeschlossen, sofern seitens des Autors kein nachweislich vors\u00e4tzliches oder grob fahrl\u00e4ssiges Verschulden vorliegt. Trotz sorgf\u00e4ltiger inhaltlicher Kontrolle \u00fcbernehmen wir keine Haftung f\u00fcr die Inhalte externer Links. F\u00fcr den Inhalt der verlinkten Seiten sind ausschlie\u00dflich deren Betreiber verantwortlich.   <\/p>\n","protected":false},"excerpt":{"rendered":"<p>Legal Notice Coordination Office for Network Development Planning for Gas and Hydrogenc\/o FNB Gas e.V.Georgenstra\u00dfe 2310117 Berlin T: +49 30 9210 2350F: +49 30 9210 23543info@ko-nep.de Register of associations:Charlottenburg Local Court VR 32043 B Management: Barbara Fischer Executive Board:Dr. Matthias Jenn (Chairman), Dr. Thomas H\u00fcwener (Deputy Chairman), Ralph Bahke (Treasurer), Katrin Flinspach Responsible for the [&hellip;]<\/p>\n","protected":false},"author":1,"featured_media":0,"parent":0,"menu_order":0,"comment_status":"closed","ping_status":"closed","template":"","meta":{"_acf_changed":false,"footnotes":""},"class_list":["post-77","page","type-page","status-publish","hentry"],"acf":[],"yoast_head":"<!-- This site is optimized with the Yoast SEO plugin v27.4 - https:\/\/yoast.com\/product\/yoast-seo-wordpress\/ -->\n<title>Legal Notice - KO\u00b7NEP<\/title>\n<meta name=\"description\" content=\"Impressum der Koordinierungsstelle Netzentwicklungsplanung f\u00fcr Gas und Wasserstoff (KO.NEP)\" \/>\n<meta name=\"robots\" content=\"index, follow, max-snippet:-1, max-image-preview:large, max-video-preview:-1\" \/>\n<link rel=\"canonical\" href=\"https:\/\/ko-nep.de\/en\/impressum\/\" \/>\n<meta property=\"og:locale\" content=\"en_US\" \/>\n<meta property=\"og:type\" content=\"article\" \/>\n<meta property=\"og:title\" content=\"Legal Notice - KO\u00b7NEP\" \/>\n<meta property=\"og:description\" content=\"Impressum der Koordinierungsstelle Netzentwicklungsplanung f\u00fcr Gas und Wasserstoff (KO.NEP)\" \/>\n<meta property=\"og:url\" content=\"https:\/\/ko-nep.de\/en\/impressum\/\" \/>\n<meta property=\"og:site_name\" content=\"KO\u00b7NEP\" \/>\n<meta property=\"article:modified_time\" content=\"2026-02-26T11:58:09+00:00\" \/>\n<meta name=\"twitter:card\" content=\"summary_large_image\" \/>\n<meta name=\"twitter:label1\" content=\"Est. reading time\" \/>\n\t<meta name=\"twitter:data1\" content=\"1 minute\" \/>\n<script type=\"application\/ld+json\" class=\"yoast-schema-graph\">{\"@context\":\"https:\\\/\\\/schema.org\",\"@graph\":[{\"@type\":\"WebPage\",\"@id\":\"https:\\\/\\\/ko-nep.de\\\/en\\\/impressum\\\/\",\"url\":\"https:\\\/\\\/ko-nep.de\\\/en\\\/impressum\\\/\",\"name\":\"Legal Notice - KO\u00b7NEP\",\"isPartOf\":{\"@id\":\"https:\\\/\\\/ko-nep.de\\\/en\\\/#website\"},\"datePublished\":\"2024-02-28T18:50:51+00:00\",\"dateModified\":\"2026-02-26T11:58:09+00:00\",\"description\":\"Impressum der Koordinierungsstelle Netzentwicklungsplanung f\u00fcr Gas und Wasserstoff (KO.NEP)\",\"breadcrumb\":{\"@id\":\"https:\\\/\\\/ko-nep.de\\\/en\\\/impressum\\\/#breadcrumb\"},\"inLanguage\":\"en-US\",\"potentialAction\":[{\"@type\":\"ReadAction\",\"target\":[\"https:\\\/\\\/ko-nep.de\\\/en\\\/impressum\\\/\"]}]},{\"@type\":\"BreadcrumbList\",\"@id\":\"https:\\\/\\\/ko-nep.de\\\/en\\\/impressum\\\/#breadcrumb\",\"itemListElement\":[{\"@type\":\"ListItem\",\"position\":1,\"name\":\"Home\",\"item\":\"https:\\\/\\\/ko-nep.de\\\/en\\\/\"},{\"@type\":\"ListItem\",\"position\":2,\"name\":\"Legal Notice\"}]},{\"@type\":\"WebSite\",\"@id\":\"https:\\\/\\\/ko-nep.de\\\/en\\\/#website\",\"url\":\"https:\\\/\\\/ko-nep.de\\\/en\\\/\",\"name\":\"KO\u00b7NEP\",\"description\":\"Koordinierungsstelle Netzentwicklungsplanung f\u00fcr Gas und Wasserstoff\",\"publisher\":{\"@id\":\"https:\\\/\\\/ko-nep.de\\\/en\\\/#organization\"},\"potentialAction\":[{\"@type\":\"SearchAction\",\"target\":{\"@type\":\"EntryPoint\",\"urlTemplate\":\"https:\\\/\\\/ko-nep.de\\\/en\\\/?s={search_term_string}\"},\"query-input\":{\"@type\":\"PropertyValueSpecification\",\"valueRequired\":true,\"valueName\":\"search_term_string\"}}],\"inLanguage\":\"en-US\"},{\"@type\":\"Organization\",\"@id\":\"https:\\\/\\\/ko-nep.de\\\/en\\\/#organization\",\"name\":\"KO\u00b7NEP\",\"url\":\"https:\\\/\\\/ko-nep.de\\\/en\\\/\",\"logo\":{\"@type\":\"ImageObject\",\"inLanguage\":\"en-US\",\"@id\":\"https:\\\/\\\/ko-nep.de\\\/en\\\/#\\\/schema\\\/logo\\\/image\\\/\",\"url\":\"https:\\\/\\\/ko-nep.de\\\/wp-content\\\/uploads\\\/2024\\\/04\\\/Logo-KONEP.png\",\"contentUrl\":\"https:\\\/\\\/ko-nep.de\\\/wp-content\\\/uploads\\\/2024\\\/04\\\/Logo-KONEP.png\",\"width\":1402,\"height\":312,\"caption\":\"KO\u00b7NEP\"},\"image\":{\"@id\":\"https:\\\/\\\/ko-nep.de\\\/en\\\/#\\\/schema\\\/logo\\\/image\\\/\"}}]}<\/script>\n<!-- \/ Yoast SEO plugin. -->","yoast_head_json":{"title":"Legal Notice - KO\u00b7NEP","description":"Impressum der Koordinierungsstelle Netzentwicklungsplanung f\u00fcr Gas und Wasserstoff (KO.NEP)","robots":{"index":"index","follow":"follow","max-snippet":"max-snippet:-1","max-image-preview":"max-image-preview:large","max-video-preview":"max-video-preview:-1"},"canonical":"https:\/\/ko-nep.de\/en\/impressum\/","og_locale":"en_US","og_type":"article","og_title":"Legal Notice - KO\u00b7NEP","og_description":"Impressum der Koordinierungsstelle Netzentwicklungsplanung f\u00fcr Gas und Wasserstoff (KO.NEP)","og_url":"https:\/\/ko-nep.de\/en\/impressum\/","og_site_name":"KO\u00b7NEP","article_modified_time":"2026-02-26T11:58:09+00:00","twitter_card":"summary_large_image","twitter_misc":{"Est. reading time":"1 minute"},"schema":{"@context":"https:\/\/schema.org","@graph":[{"@type":"WebPage","@id":"https:\/\/ko-nep.de\/en\/impressum\/","url":"https:\/\/ko-nep.de\/en\/impressum\/","name":"Legal Notice - KO\u00b7NEP","isPartOf":{"@id":"https:\/\/ko-nep.de\/en\/#website"},"datePublished":"2024-02-28T18:50:51+00:00","dateModified":"2026-02-26T11:58:09+00:00","description":"Impressum der Koordinierungsstelle Netzentwicklungsplanung f\u00fcr Gas und Wasserstoff (KO.NEP)","breadcrumb":{"@id":"https:\/\/ko-nep.de\/en\/impressum\/#breadcrumb"},"inLanguage":"en-US","potentialAction":[{"@type":"ReadAction","target":["https:\/\/ko-nep.de\/en\/impressum\/"]}]},{"@type":"BreadcrumbList","@id":"https:\/\/ko-nep.de\/en\/impressum\/#breadcrumb","itemListElement":[{"@type":"ListItem","position":1,"name":"Home","item":"https:\/\/ko-nep.de\/en\/"},{"@type":"ListItem","position":2,"name":"Legal Notice"}]},{"@type":"WebSite","@id":"https:\/\/ko-nep.de\/en\/#website","url":"https:\/\/ko-nep.de\/en\/","name":"KO\u00b7NEP","description":"Koordinierungsstelle Netzentwicklungsplanung f\u00fcr Gas und Wasserstoff","publisher":{"@id":"https:\/\/ko-nep.de\/en\/#organization"},"potentialAction":[{"@type":"SearchAction","target":{"@type":"EntryPoint","urlTemplate":"https:\/\/ko-nep.de\/en\/?s={search_term_string}"},"query-input":{"@type":"PropertyValueSpecification","valueRequired":true,"valueName":"search_term_string"}}],"inLanguage":"en-US"},{"@type":"Organization","@id":"https:\/\/ko-nep.de\/en\/#organization","name":"KO\u00b7NEP","url":"https:\/\/ko-nep.de\/en\/","logo":{"@type":"ImageObject","inLanguage":"en-US","@id":"https:\/\/ko-nep.de\/en\/#\/schema\/logo\/image\/","url":"https:\/\/ko-nep.de\/wp-content\/uploads\/2024\/04\/Logo-KONEP.png","contentUrl":"https:\/\/ko-nep.de\/wp-content\/uploads\/2024\/04\/Logo-KONEP.png","width":1402,"height":312,"caption":"KO\u00b7NEP"},"image":{"@id":"https:\/\/ko-nep.de\/en\/#\/schema\/logo\/image\/"}}]}},"_links":{"self":[{"href":"https:\/\/ko-nep.de\/en\/wp-json\/wp\/v2\/pages\/77","targetHints":{"allow":["GET"]}}],"collection":[{"href":"https:\/\/ko-nep.de\/en\/wp-json\/wp\/v2\/pages"}],"about":[{"href":"https:\/\/ko-nep.de\/en\/wp-json\/wp\/v2\/types\/page"}],"author":[{"embeddable":true,"href":"https:\/\/ko-nep.de\/en\/wp-json\/wp\/v2\/users\/1"}],"replies":[{"embeddable":true,"href":"https:\/\/ko-nep.de\/en\/wp-json\/wp\/v2\/comments?post=77"}],"version-history":[{"count":12,"href":"https:\/\/ko-nep.de\/en\/wp-json\/wp\/v2\/pages\/77\/revisions"}],"predecessor-version":[{"id":1450,"href":"https:\/\/ko-nep.de\/en\/wp-json\/wp\/v2\/pages\/77\/revisions\/1450"}],"wp:attachment":[{"href":"https:\/\/ko-nep.de\/en\/wp-json\/wp\/v2\/media?parent=77"}],"curies":[{"name":"wp","href":"https:\/\/api.w.org\/{rel}","templated":true}]}}